{"id":82,"date":"2019-04-08T21:04:56","date_gmt":"2019-04-08T21:04:56","guid":{"rendered":"https:\/\/klein-uebersetzungen.de\/?page_id=82"},"modified":"2019-11-14T21:37:18","modified_gmt":"2019-11-14T21:37:18","slug":"untertitel","status":"publish","type":"page","link":"https:\/\/klein-uebersetzungen.de\/index.php\/leistungen\/untertitel\/","title":{"rendered":"Untertitel"},"content":{"rendered":"<p>[et_pb_section fb_built=&#8220;1&#8243; next_background_color=&#8220;#ffffff&#8220; admin_label=&#8220;Hero Section&#8220; _builder_version=&#8220;3.21.4&#8243; use_background_color_gradient=&#8220;on&#8220; background_color_gradient_start=&#8220;rgba(0,0,0,0.4)&#8220; background_color_gradient_end=&#8220;rgba(0,0,0,0.4)&#8220; background_color_gradient_overlays_image=&#8220;on&#8220; background_image=&#8220;https:\/\/klein-uebersetzungen.de\/wp-content\/uploads\/2019\/11\/20191018-DSC00206.jpg&#8220; background_position=&#8220;top_center&#8220; custom_padding=&#8220;6%||6%|&#8220; bottom_divider_style=&#8220;slant&#8220; bottom_divider_height=&#8220;60px&#8220; background_color_gradient_direction__hover=&#8220;180deg&#8220; background_color_gradient_direction__hover_enabled=&#8220;180deg&#8220; background_color_gradient_start_position__hover=&#8220;0%&#8220; background_color_gradient_start_position__hover_enabled=&#8220;0%&#8220; background_color_gradient_end_position__hover=&#8220;100%&#8220; background_color_gradient_end_position__hover_enabled=&#8220;100%&#8220;][et_pb_row admin_label=&#8220;Page Title Area&#8220; _builder_version=&#8220;3.0.89&#8243; background_size=&#8220;initial&#8220; background_position=&#8220;top_left&#8220; background_repeat=&#8220;repeat&#8220;][et_pb_column type=&#8220;4_4&#8243; _builder_version=&#8220;3.0.47&#8243;][et_pb_text admin_label=&#8220;Hero Section Title&#8220; _builder_version=&#8220;3.21.4&#8243; text_font=&#8220;Montserrat||||||||&#8220; text_font_size=&#8220;18px&#8220; text_line_height=&#8220;1.8em&#8220; header_font=&#8220;Montserrat|600||on|||||&#8220; header_font_size=&#8220;48px&#8220; header_font_size_phone=&#8220;28px&#8220; header_font_size_last_edited=&#8220;on|phone&#8220; header_letter_spacing=&#8220;3px&#8220; header_line_height=&#8220;1.3em&#8220; header_2_font=&#8220;Montserrat|700|||||||&#8220; header_2_text_color=&#8220;rgba(255,255,255,0.6)&#8220; header_2_font_size=&#8220;90px&#8220; header_2_font_size_phone=&#8220;50px&#8220; header_2_font_size_last_edited=&#8220;on|phone&#8220; header_2_letter_spacing=&#8220;3px&#8220; header_2_line_height=&#8220;1.1em&#8220; text_orientation=&#8220;center&#8220; background_layout=&#8220;dark&#8220; max_width=&#8220;700px&#8220; module_alignment=&#8220;center&#8220; custom_margin=&#8220;|||&#8220; animation_style=&#8220;fade&#8220; animation_direction=&#8220;bottom&#8220;]<\/p>\n<h1>Untertitel<\/h1>\n<p class=\"p1\"><span class=\"s1\">Ich erstelle professionelle interlinguale Untertitel aus dem Englischen und Spanische sowie Untertitel f\u00fcr H\u00f6rgesch\u00e4digte f\u00fcr TV, Kino und DVD\/Blu-ray und arbeite mit dem Untertitelprogramm EZTitles.<\/span><\/p>\n<p>[\/et_pb_text][\/et_pb_column][\/et_pb_row][\/et_pb_section][et_pb_section fb_built=&#8220;1&#8243; disabled_on=&#8220;off|off|off&#8220; admin_label=&#8220;Featured Project&#8220; _builder_version=&#8220;3.0.89&#8243; custom_padding=&#8220;110px||110px|&#8220;][et_pb_row admin_label=&#8220;Featured Project&#8220; _builder_version=&#8220;3.0.89&#8243;][et_pb_column type=&#8220;1_2&#8243; _builder_version=&#8220;3.0.47&#8243;][et_pb_text disabled_on=&#8220;off|off|off&#8220; admin_label=&#8220;Title&#8220; _builder_version=&#8220;3.0.91&#8243; text_font=&#8220;Montserrat|||on|||||&#8220; text_font_size=&#8220;16px&#8220; text_line_height=&#8220;1.8em&#8220; header_font=&#8220;||||||||&#8220; header_2_font=&#8220;Montserrat|600||on|||||&#8220; header_2_font_size=&#8220;30px&#8220; header_2_line_height=&#8220;1.5em&#8220; custom_margin=&#8220;||5px|&#8220; animation_style=&#8220;slide&#8220; animation_direction=&#8220;top&#8220; animation_intensity_slide=&#8220;20%&#8220; animation_starting_opacity=&#8220;100%&#8220;]<\/p>\n<p><span color=\"#333333\" style=\"color: #333333;\"><span style=\"font-size: 30px;\"><b>Interlinguale untertitel<\/b><\/span><\/span><\/p>\n<p>[\/et_pb_text][et_pb_divider show_divider=&#8220;off&#8220; _builder_version=&#8220;3.2&#8243; max_width=&#8220;23px&#8220; module_alignment=&#8220;left&#8220; animation_style=&#8220;slide&#8220; animation_intensity_slide=&#8220;20%&#8220; animation_starting_opacity=&#8220;100%&#8220; locked=&#8220;off&#8220;][\/et_pb_divider][et_pb_text _builder_version=&#8220;3.21.4&#8243; text_font=&#8220;||||||||&#8220; text_font_size=&#8220;16px&#8220; text_line_height=&#8220;1.8em&#8220; header_font=&#8220;||||||||&#8220; max_width=&#8220;90%&#8220; custom_margin=&#8220;|||&#8220; animation_style=&#8220;flip&#8220; animation_direction=&#8220;left&#8220; animation_intensity_flip=&#8220;30%&#8220; animation_starting_opacity=&#8220;100%&#8220;]<\/p>\n<p class=\"p1\"><span class=\"s1\">Bei der interlingualen Untertitelung bleibt der Originalton erhalten und die \u00dcbersetzung wird in Form von Untertiteln erg\u00e4nzt. <\/span><\/p>\n<p class=\"p1\"><span class=\"s1\">Ich biete Ihnen eine professionelle \u00dcbersetzung unter Ber\u00fccksichtigung landesspezifischer Besonderheiten bei Sprache und Kultur, ein pr\u00e4zises Timing und einwandfreie Lesbarkeit der Untertitel. <\/span><\/p>\n<p class=\"p1\"><span class=\"s1\">Die Untertitel werden nach deutschen Untertitelstandards aus den Sprachen Englisch und Spanisch ins Deutsche und umgekehrt angefertigt.<\/span><\/p>\n<p>[\/et_pb_text][\/et_pb_column][et_pb_column type=&#8220;1_2&#8243; _builder_version=&#8220;3.0.47&#8243;][et_pb_image src=&#8220;https:\/\/klein-uebersetzungen.de\/wp-content\/uploads\/2019\/11\/shutterstock_1311085622-1.jpg&#8220; _builder_version=&#8220;3.21.4&#8243;][\/et_pb_image][\/et_pb_column][\/et_pb_row][\/et_pb_section][et_pb_section fb_built=&#8220;1&#8243; disabled_on=&#8220;off|off|off&#8220; admin_label=&#8220;Featured Project&#8220; _builder_version=&#8220;3.0.89&#8243; custom_padding=&#8220;110px||110px|&#8220;][et_pb_row admin_label=&#8220;Featured Project&#8220; _builder_version=&#8220;3.0.89&#8243;][et_pb_column type=&#8220;1_2&#8243; _builder_version=&#8220;3.0.47&#8243;][et_pb_divider show_divider=&#8220;off&#8220; _builder_version=&#8220;3.2&#8243; max_width=&#8220;23px&#8220; module_alignment=&#8220;left&#8220; animation_style=&#8220;slide&#8220; animation_intensity_slide=&#8220;20%&#8220; animation_starting_opacity=&#8220;100%&#8220; locked=&#8220;off&#8220;][\/et_pb_divider][et_pb_image src=&#8220;https:\/\/klein-uebersetzungen.de\/wp-content\/uploads\/2019\/11\/shutterstock_795152170-1.jpg&#8220; _builder_version=&#8220;3.21.4&#8243;][\/et_pb_image][\/et_pb_column][et_pb_column type=&#8220;1_2&#8243; _builder_version=&#8220;3.0.47&#8243;][et_pb_text disabled_on=&#8220;off|off|off&#8220; admin_label=&#8220;Title&#8220; _builder_version=&#8220;3.21.4&#8243; text_font=&#8220;Montserrat|||on|||||&#8220; text_font_size=&#8220;16px&#8220; text_line_height=&#8220;1.8em&#8220; header_font=&#8220;||||||||&#8220; header_2_font=&#8220;Montserrat|600||on|||||&#8220; header_2_font_size=&#8220;30px&#8220; header_2_line_height=&#8220;1.5em&#8220; custom_margin=&#8220;||5px|&#8220; animation_style=&#8220;slide&#8220; animation_direction=&#8220;top&#8220; animation_intensity_slide=&#8220;20%&#8220; animation_starting_opacity=&#8220;100%&#8220;]<\/p>\n<p><span color=\"#333333\" style=\"color: #333333;\"><span style=\"font-size: 30px;\"><b>Untertitel f\u00fcr h\u00f6rgesch\u00e4digte<\/b><\/span><\/span><\/p>\n<p>[\/et_pb_text][et_pb_text _builder_version=&#8220;3.21.4&#8243; text_font=&#8220;||||||||&#8220; text_font_size=&#8220;16px&#8220; text_line_height=&#8220;1.8em&#8220; header_font=&#8220;||||||||&#8220; max_width=&#8220;90%&#8220; custom_margin=&#8220;|||&#8220; animation_style=&#8220;flip&#8220; animation_direction=&#8220;left&#8220; animation_intensity_flip=&#8220;30%&#8220; animation_starting_opacity=&#8220;100%&#8220;]<\/p>\n<p class=\"p1\"><span class=\"s1\">Menschen mit eingeschr\u00e4nkter H\u00f6rf\u00e4higkeit wird durch intralinguale Untertitel ein uneingeschr\u00e4nkter Zugang zu Medienangeboten erm\u00f6glicht.<\/span><\/p>\n<p class=\"p1\"><span class=\"s1\"> Zus\u00e4tzlich zum Dialog bieten die Untertitel auch Informationen zu Ger\u00e4uschen und Musik sowie eine Identifikation der Sprecher durch unterschiedliche Farben. <\/span><\/p>\n<p class=\"p1\"><span class=\"s1\">Ich biete Ihnen eine professionelle Umsetzung des Originaldialogs, pr\u00e4zises Timing und einwandfreie Lesbarkeit der Untertitel. Die Untertitel werden nach deutschen Untertitelstandards angefertigt.<\/span><\/p>\n<p>[\/et_pb_text][\/et_pb_column][\/et_pb_row][\/et_pb_section][et_pb_section fb_built=&#8220;1&#8243; disabled_on=&#8220;off|off|off&#8220; admin_label=&#8220;Featured Project&#8220; _builder_version=&#8220;3.0.89&#8243; custom_padding=&#8220;110px||110px|&#8220;][et_pb_row admin_label=&#8220;Featured Project&#8220; _builder_version=&#8220;3.0.89&#8243;][et_pb_column type=&#8220;1_2&#8243; _builder_version=&#8220;3.0.47&#8243;][et_pb_text disabled_on=&#8220;off|off|off&#8220; admin_label=&#8220;Title&#8220; _builder_version=&#8220;3.21.4&#8243; text_font=&#8220;Montserrat|||on|||||&#8220; text_font_size=&#8220;16px&#8220; text_line_height=&#8220;1.8em&#8220; header_font=&#8220;||||||||&#8220; header_2_font=&#8220;Montserrat|600||on|||||&#8220; header_2_font_size=&#8220;30px&#8220; header_2_line_height=&#8220;1.5em&#8220; custom_margin=&#8220;||5px|&#8220; animation_style=&#8220;slide&#8220; animation_direction=&#8220;top&#8220; animation_intensity_slide=&#8220;20%&#8220; animation_starting_opacity=&#8220;100%&#8220;]<\/p>\n<p><span color=\"#333333\" style=\"color: #333333;\"><span style=\"font-size: 30px;\"><b>Transkription<\/b><\/span><\/span><\/p>\n<p>[\/et_pb_text][et_pb_divider show_divider=&#8220;off&#8220; _builder_version=&#8220;3.2&#8243; max_width=&#8220;23px&#8220; module_alignment=&#8220;left&#8220; animation_style=&#8220;slide&#8220; animation_intensity_slide=&#8220;20%&#8220; animation_starting_opacity=&#8220;100%&#8220; locked=&#8220;off&#8220;][\/et_pb_divider][et_pb_text _builder_version=&#8220;3.21.4&#8243; text_font=&#8220;||||||||&#8220; text_font_size=&#8220;16px&#8220; text_line_height=&#8220;1.8em&#8220; header_font=&#8220;||||||||&#8220; max_width=&#8220;90%&#8220; custom_margin=&#8220;|||&#8220; animation_style=&#8220;flip&#8220; animation_direction=&#8220;left&#8220; animation_intensity_flip=&#8220;30%&#8220; animation_starting_opacity=&#8220;100%&#8220;]<\/p>\n<p class=\"p1\"><span class=\"s1\">Falls kein Dialogbuch oder Transkript vorliegt, fertige ich f\u00fcr die Untertitel ein Transkript des Audiomaterials an, gerne auch mit Timecodes und Sprecheridentifikation.<\/span><\/p>\n<p>[\/et_pb_text][\/et_pb_column][et_pb_column type=&#8220;1_2&#8243; _builder_version=&#8220;3.0.47&#8243;][et_pb_image src=&#8220;https:\/\/klein-uebersetzungen.de\/wp-content\/uploads\/2019\/11\/shutterstock_525149446.jpg&#8220; _builder_version=&#8220;3.21.4&#8243;][\/et_pb_image][\/et_pb_column][\/et_pb_row][\/et_pb_section][et_pb_section fb_built=&#8220;1&#8243; disabled_on=&#8220;off|off|off&#8220; admin_label=&#8220;Featured Project&#8220; _builder_version=&#8220;3.0.89&#8243; custom_padding=&#8220;110px||110px|&#8220;][et_pb_row admin_label=&#8220;Featured Project&#8220; _builder_version=&#8220;3.0.89&#8243;][et_pb_column type=&#8220;1_2&#8243; _builder_version=&#8220;3.0.47&#8243;][et_pb_divider show_divider=&#8220;off&#8220; _builder_version=&#8220;3.2&#8243; max_width=&#8220;23px&#8220; module_alignment=&#8220;left&#8220; animation_style=&#8220;slide&#8220; animation_intensity_slide=&#8220;20%&#8220; animation_starting_opacity=&#8220;100%&#8220; locked=&#8220;off&#8220;][\/et_pb_divider][et_pb_image src=&#8220;https:\/\/klein-uebersetzungen.de\/wp-content\/uploads\/2019\/11\/20191018-DSC00218.jpg&#8220; _builder_version=&#8220;3.21.4&#8243;][\/et_pb_image][\/et_pb_column][et_pb_column type=&#8220;1_2&#8243; _builder_version=&#8220;3.0.47&#8243;][et_pb_text disabled_on=&#8220;off|off|off&#8220; admin_label=&#8220;Title&#8220; _builder_version=&#8220;3.0.91&#8243; text_font=&#8220;Montserrat|||on|||||&#8220; text_font_size=&#8220;16px&#8220; text_line_height=&#8220;1.8em&#8220; header_font=&#8220;||||||||&#8220; header_2_font=&#8220;Montserrat|600||on|||||&#8220; header_2_font_size=&#8220;30px&#8220; header_2_line_height=&#8220;1.5em&#8220; custom_margin=&#8220;||5px|&#8220; animation_style=&#8220;slide&#8220; animation_direction=&#8220;top&#8220; animation_intensity_slide=&#8220;20%&#8220; animation_starting_opacity=&#8220;100%&#8220;]<\/p>\n<p><span color=\"#333333\" style=\"color: #333333;\"><span style=\"font-size: 30px;\"><b>Live-Untertitelung<\/b><\/span><\/span><\/p>\n<p>[\/et_pb_text][et_pb_text _builder_version=&#8220;3.21.4&#8243; text_font=&#8220;||||||||&#8220; text_font_size=&#8220;16px&#8220; text_line_height=&#8220;1.8em&#8220; header_font=&#8220;||||||||&#8220; max_width=&#8220;90%&#8220; custom_margin=&#8220;|||&#8220; animation_style=&#8220;flip&#8220; animation_direction=&#8220;left&#8220; animation_intensity_flip=&#8220;30%&#8220; animation_starting_opacity=&#8220;100%&#8220;]<\/p>\n<p class=\"p1\">\n<p class=\"p1\"><span class=\"s1\">Bei der Live-Untertitelung wird der Originalton mithilfe von Spracherkennungssoftware in Form von Untertiteln live zum Gesprochenen wiedergegeben. <\/span><\/p>\n<p class=\"p1\"><span class=\"s1\">Hierbei wird auf eine einwandfreie Lesbarkeit der Untertitel nach deutschen Untertitelstandards geachtet.<\/span><\/p>\n<p>[\/et_pb_text][\/et_pb_column][\/et_pb_row][\/et_pb_section]<\/p>\n","protected":false},"excerpt":{"rendered":"<p>[et_pb_section fb_built=&#8220;1&#8243; next_background_color=&#8220;#ffffff&#8220; admin_label=&#8220;Hero Section&#8220; _builder_version=&#8220;3.21.4&#8243; use_background_color_gradient=&#8220;on&#8220; background_color_gradient_start=&#8220;rgba(0,0,0,0.4)&#8220; background_color_gradient_end=&#8220;rgba(0,0,0,0.4)&#8220; background_color_gradient_overlays_image=&#8220;on&#8220; background_image=&#8220;https:\/\/klein-uebersetzungen.de\/wp-content\/uploads\/2019\/11\/20191018-DSC00206.jpg&#8220; background_position=&#8220;top_center&#8220; custom_padding=&#8220;6%||6%|&#8220; bottom_divider_style=&#8220;slant&#8220; bottom_divider_height=&#8220;60px&#8220; background_color_gradient_direction__hover=&#8220;180deg&#8220; background_color_gradient_direction__hover_enabled=&#8220;180deg&#8220; background_color_gradient_start_position__hover=&#8220;0%&#8220; background_color_gradient_start_position__hover_enabled=&#8220;0%&#8220; background_color_gradient_end_position__hover=&#8220;100%&#8220; background_color_gradient_end_position__hover_enabled=&#8220;100%&#8220;][et_pb_row admin_label=&#8220;Page Title Area&#8220; _builder_version=&#8220;3.0.89&#8243; background_size=&#8220;initial&#8220; background_position=&#8220;top_left&#8220; background_repeat=&#8220;repeat&#8220;][et_pb_column type=&#8220;4_4&#8243; _builder_version=&#8220;3.0.47&#8243;][et_pb_text admin_label=&#8220;Hero Section Title&#8220; _builder_version=&#8220;3.21.4&#8243; text_font=&#8220;Montserrat||||||||&#8220; text_font_size=&#8220;18px&#8220; text_line_height=&#8220;1.8em&#8220; header_font=&#8220;Montserrat|600||on|||||&#8220; header_font_size=&#8220;48px&#8220; header_font_size_phone=&#8220;28px&#8220; header_font_size_last_edited=&#8220;on|phone&#8220; header_letter_spacing=&#8220;3px&#8220; header_line_height=&#8220;1.3em&#8220; header_2_font=&#8220;Montserrat|700|||||||&#8220; header_2_text_color=&#8220;rgba(255,255,255,0.6)&#8220; header_2_font_size=&#8220;90px&#8220; header_2_font_size_phone=&#8220;50px&#8220; header_2_font_size_last_edited=&#8220;on|phone&#8220; header_2_letter_spacing=&#8220;3px&#8220; header_2_line_height=&#8220;1.1em&#8220; text_orientation=&#8220;center&#8220; background_layout=&#8220;dark&#8220; max_width=&#8220;700px&#8220; module_alignment=&#8220;center&#8220; custom_margin=&#8220;|||&#8220; [&hellip;]<\/p>\n","protected":false},"author":1,"featured_media":0,"parent":70,"menu_order":0,"comment_status":"closed","ping_status":"closed","template":"","meta":{"_et_pb_use_builder":"on","_et_pb_old_content":"","_et_gb_content_width":"","inline_featured_image":false,"footnotes":""},"_links":{"self":[{"href":"https:\/\/klein-uebersetzungen.de\/index.php\/wp-json\/wp\/v2\/pages\/82"}],"collection":[{"href":"https:\/\/klein-uebersetzungen.de\/index.php\/wp-json\/wp\/v2\/pages"}],"about":[{"href":"https:\/\/klein-uebersetzungen.de\/index.php\/wp-json\/wp\/v2\/types\/page"}],"author":[{"embeddable":true,"href":"https:\/\/klein-uebersetzungen.de\/index.php\/wp-json\/wp\/v2\/users\/1"}],"replies":[{"embeddable":true,"href":"https:\/\/klein-uebersetzungen.de\/index.php\/wp-json\/wp\/v2\/comments?post=82"}],"version-history":[{"count":13,"href":"https:\/\/klein-uebersetzungen.de\/index.php\/wp-json\/wp\/v2\/pages\/82\/revisions"}],"predecessor-version":[{"id":297,"href":"https:\/\/klein-uebersetzungen.de\/index.php\/wp-json\/wp\/v2\/pages\/82\/revisions\/297"}],"up":[{"embeddable":true,"href":"https:\/\/klein-uebersetzungen.de\/index.php\/wp-json\/wp\/v2\/pages\/70"}],"wp:attachment":[{"href":"https:\/\/klein-uebersetzungen.de\/index.php\/wp-json\/wp\/v2\/media?parent=82"}],"curies":[{"name":"wp","href":"https:\/\/api.w.org\/{rel}","templated":true}]}}